{"id":2133,"date":"2023-07-19T14:57:35","date_gmt":"2023-07-19T12:57:35","guid":{"rendered":"https:\/\/alps.driverallseasons.com\/?page_id=2133"},"modified":"2023-12-29T14:24:53","modified_gmt":"2023-12-29T13:24:53","slug":"courchevel","status":"publish","type":"page","link":"https:\/\/alps.driverallseasons.com\/en\/our-transfers\/courchevel\/","title":{"rendered":"Courchevel"},"content":{"rendered":"<div data-elementor-type=\"wp-page\" data-elementor-id=\"2133\" class=\"elementor elementor-2133\" data-elementor-post-type=\"page\">\n\t\t\t\t\t\t<section class=\"elementor-section elementor-top-section elementor-element elementor-element-bc4ef06 elementor-section-content-bottom elementor-section-boxed elementor-section-height-default elementor-section-height-default\" data-id=\"bc4ef06\" data-element_type=\"section\" data-e-type=\"section\" data-settings=\"{&quot;background_background&quot;:&quot;classic&quot;,&quot;shape_divider_bottom&quot;:&quot;tilt&quot;}\">\n\t\t\t\t\t\t\t<div class=\"elementor-background-overlay\"><\/div>\n\t\t\t\t\t\t<div class=\"elementor-shape elementor-shape-bottom\" aria-hidden=\"true\" data-negative=\"false\">\n\t\t\t<svg xmlns=\"http:\/\/www.w3.org\/2000\/svg\" viewbox=\"0 0 1000 100\" preserveaspectratio=\"none\">\n\t<path class=\"elementor-shape-fill\" d=\"M0,6V0h1000v100L0,6z\"\/>\n<\/svg>\t\t<\/div>\n\t\t\t\t\t<div class=\"elementor-container elementor-column-gap-extended\">\n\t\t\t\t\t<div class=\"elementor-column elementor-col-100 elementor-top-column elementor-element elementor-element-41eb043\" data-id=\"41eb043\" data-element_type=\"column\" data-e-type=\"column\">\n\t\t\t<div class=\"elementor-widget-wrap elementor-element-populated\">\n\t\t\t\t\t\t<div class=\"elementor-element elementor-element-18c1a7c elementor-widget elementor-widget-heading\" data-id=\"18c1a7c\" data-element_type=\"widget\" data-e-type=\"widget\" data-widget_type=\"heading.default\">\n\t\t\t\t<div class=\"elementor-widget-container\">\n\t\t\t\t\t<h1 class=\"elementor-heading-title elementor-size-default\">VTC Courchevel<\/h1>\t\t\t\t<\/div>\n\t\t\t\t<\/div>\n\t\t\t\t\t<\/div>\n\t\t<\/div>\n\t\t\t\t\t<\/div>\n\t\t<\/section>\n\t\t\t\t<section class=\"elementor-section elementor-top-section elementor-element elementor-element-ee73dd7 elementor-section-boxed elementor-section-height-default elementor-section-height-default\" data-id=\"ee73dd7\" data-element_type=\"section\" data-e-type=\"section\">\n\t\t\t\t\t\t<div class=\"elementor-container elementor-column-gap-default\">\n\t\t\t\t\t<div class=\"elementor-column elementor-col-100 elementor-top-column elementor-element elementor-element-0fdbd1a\" data-id=\"0fdbd1a\" data-element_type=\"column\" data-e-type=\"column\" data-settings=\"{&quot;background_background&quot;:&quot;classic&quot;}\">\n\t\t\t<div class=\"elementor-widget-wrap elementor-element-populated\">\n\t\t\t\t\t<div class=\"elementor-background-overlay\"><\/div>\n\t\t\t\t\t\t<section class=\"elementor-section elementor-inner-section elementor-element elementor-element-4032e34 elementor-section-boxed elementor-section-height-default elementor-section-height-default\" data-id=\"4032e34\" data-element_type=\"section\" data-e-type=\"section\">\n\t\t\t\t\t\t<div class=\"elementor-container elementor-column-gap-default\">\n\t\t\t\t\t<div class=\"elementor-column elementor-col-50 elementor-inner-column elementor-element elementor-element-5ce61c2\" data-id=\"5ce61c2\" data-element_type=\"column\" data-e-type=\"column\" data-settings=\"{&quot;background_background&quot;:&quot;classic&quot;}\">\n\t\t\t<div class=\"elementor-widget-wrap elementor-element-populated\">\n\t\t\t\t\t\t\t<\/div>\n\t\t<\/div>\n\t\t\t\t<div class=\"elementor-column elementor-col-50 elementor-inner-column elementor-element elementor-element-4b93eaf\" data-id=\"4b93eaf\" data-element_type=\"column\" data-e-type=\"column\">\n\t\t\t<div class=\"elementor-widget-wrap elementor-element-populated\">\n\t\t\t\t\t\t<div class=\"elementor-element elementor-element-2c260c6 elementor-widget elementor-widget-heading\" data-id=\"2c260c6\" data-element_type=\"widget\" data-e-type=\"widget\" data-widget_type=\"heading.default\">\n\t\t\t\t<div class=\"elementor-widget-container\">\n\t\t\t\t\t<h2 class=\"elementor-heading-title elementor-size-default\">Your private chauffeur in Courchevel<\/h2>\t\t\t\t<\/div>\n\t\t\t\t<\/div>\n\t\t\t\t<div class=\"elementor-element elementor-element-abfa8b1 elementor-widget elementor-widget-text-editor\" data-id=\"abfa8b1\" data-element_type=\"widget\" data-e-type=\"widget\" data-widget_type=\"text-editor.default\">\n\t\t\t\t<div class=\"elementor-widget-container\">\n\t\t\t\t\t\t\t\t\t<p>Courchevel, the world-renowned ski resort nestled in the heart of the French Alps. To make the most of this winter paradise, our transport company is your ideal partner.<\/p><p>With our private transfer service, your journey from the airport to Courchevel will be comfortable, safe and hassle-free. Our experienced drivers will welcome you warmly, ready to take you to the snow-covered peaks with elegance and professionalism.<\/p><p>Our top-of-the-range vehicles are specially equipped for mountain roads, guaranteeing a smooth, safe ride. So you can relax and enjoy the breathtaking scenery along the way.<\/p><p>Once in Courchevel, our transport service will give you easy access to the various ski areas, Michelin-starred restaurants, luxury boutiques and the resort's many sites of interest. We adapt to your schedule and offer a personalized service to meet all your requirements.<\/p><p>Whether you're visiting Courchevel as a family, with friends or on business, our transport company will ensure you have a memorable experience. Don't let transport spoil your stay, rely on our expertise for smooth and pleasant travel.<\/p><p>Make the most of every moment of your stay in Courchevel by choosing our quality transport service. Book now and experience unforgettable moments in this exceptional Alpine paradise.<\/p>\t\t\t\t\t\t\t\t<\/div>\n\t\t\t\t<\/div>\n\t\t\t\t<div class=\"elementor-element elementor-element-e6cd600 elementor-align-center elementor-mobile-align-center elementor-widget elementor-widget-button\" data-id=\"e6cd600\" data-element_type=\"widget\" data-e-type=\"widget\" data-widget_type=\"button.default\">\n\t\t\t\t<div class=\"elementor-widget-container\">\n\t\t\t\t\t\t\t\t\t<div class=\"elementor-button-wrapper\">\n\t\t\t\t\t<a class=\"elementor-button elementor-button-link elementor-size-sm\" href=\"https:\/\/driverallseasons.com\/reserver-en-ligne\/\">\n\t\t\t\t\t\t<span class=\"elementor-button-content-wrapper\">\n\t\t\t\t\t\t<span class=\"elementor-button-icon\">\n\t\t\t\t<i aria-hidden=\"true\" class=\"far fa-calendar-alt\"><\/i>\t\t\t<\/span>\n\t\t\t\t\t\t\t\t\t<span class=\"elementor-button-text\">Book online<\/span>\n\t\t\t\t\t<\/span>\n\t\t\t\t\t<\/a>\n\t\t\t\t<\/div>\n\t\t\t\t\t\t\t\t<\/div>\n\t\t\t\t<\/div>\n\t\t\t\t\t<\/div>\n\t\t<\/div>\n\t\t\t\t\t<\/div>\n\t\t<\/section>\n\t\t\t\t\t<\/div>\n\t\t<\/div>\n\t\t\t\t\t<\/div>\n\t\t<\/section>\n\t\t\t\t<\/div>","protected":false},"excerpt":{"rendered":"<p>VTC Courchevel Votre chauffeur priv\u00e9 \u00e0 Courchevel Courchevel, la station de ski de renomm\u00e9e mondiale nich\u00e9e au c\u0153ur des Alpes fran\u00e7aises. Pour profiter pleinement de ce paradis hivernal, notre soci\u00e9t\u00e9 de transport est votre partenaire id\u00e9al. Avec notre service de transfert priv\u00e9, votre voyage depuis l&rsquo;a\u00e9roport jusqu&rsquo;\u00e0 Courchevel sera confortable, s\u00fbr et sans tracas. Nos [&hellip;]<\/p>","protected":false},"author":1,"featured_media":2533,"parent":20,"menu_order":0,"comment_status":"closed","ping_status":"closed","template":"","meta":{"site-sidebar-layout":"no-sidebar","site-content-layout":"page-builder","ast-site-content-layout":"full-width-container","site-content-style":"unboxed","site-sidebar-style":"unboxed","ast-global-header-display":"","ast-banner-title-visibility":"","ast-main-header-display":"","ast-hfb-above-header-display":"","ast-hfb-below-header-display":"","ast-hfb-mobile-header-display":"","site-post-title":"disabled","ast-breadcrumbs-content":"","ast-featured-img":"disabled","footer-sml-layout":"","ast-disable-related-posts":"","theme-transparent-header-meta":"default","adv-header-id-meta":"","stick-header-meta":"","header-above-stick-meta":"","header-main-stick-meta":"","header-below-stick-meta":"","astra-migrate-meta-layouts":"set","ast-page-background-enabled":"default","ast-page-background-meta":{"desktop":{"background-color":"","background-image":"","background-repeat":"repeat","background-position":"center center","background-size":"auto","background-attachment":"scroll","background-type":"","background-media":"","overlay-type":"","overlay-color":"","overlay-opacity":"","overlay-gradient":""},"tablet":{"background-color":"","background-image":"","background-repeat":"repeat","background-position":"center center","background-size":"auto","background-attachment":"scroll","background-type":"","background-media":"","overlay-type":"","overlay-color":"","overlay-opacity":"","overlay-gradient":""},"mobile":{"background-color":"","background-image":"","background-repeat":"repeat","background-position":"center center","background-size":"auto","background-attachment":"scroll","background-type":"","background-media":"","overlay-type":"","overlay-color":"","overlay-opacity":"","overlay-gradient":""}},"ast-content-background-meta":{"desktop":{"background-color":"var(--ast-global-color-5)","background-image":"","background-repeat":"repeat","background-position":"center center","background-size":"auto","background-attachment":"scroll","background-type":"","background-media":"","overlay-type":"","overlay-color":"","overlay-opacity":"","overlay-gradient":""},"tablet":{"background-color":"var(--ast-global-color-5)","background-image":"","background-repeat":"repeat","background-position":"center center","background-size":"auto","background-attachment":"scroll","background-type":"","background-media":"","overlay-type":"","overlay-color":"","overlay-opacity":"","overlay-gradient":""},"mobile":{"background-color":"var(--ast-global-color-5)","background-image":"","background-repeat":"repeat","background-position":"center center","background-size":"auto","background-attachment":"scroll","background-type":"","background-media":"","overlay-type":"","overlay-color":"","overlay-opacity":"","overlay-gradient":""}},"footnotes":""},"class_list":["post-2133","page","type-page","status-publish","has-post-thumbnail","hentry"],"yoast_head":"<!-- This site is optimized with the Yoast SEO plugin v27.4 - https:\/\/yoast.com\/product\/yoast-seo-wordpress\/ -->\n<title>VTC Courchevel | Transferts priv\u00e9s et professionnels \u00e0 Courchevel<\/title>\n<meta name=\"description\" content=\"Transfert priv\u00e9 avec votre VTC \u00e0 Courchevel. Confort et professionnalisme pour vos s\u00e9jours au c\u0153ur des Alpes. R\u00e9servez maintenant !\" \/>\n<meta name=\"robots\" content=\"index, follow, max-snippet:-1, max-image-preview:large, max-video-preview:-1\" \/>\n<link rel=\"canonical\" href=\"https:\/\/alps.driverallseasons.com\/en\/our-transfers\/courchevel\/\" \/>\n<meta property=\"og:locale\" content=\"en_GB\" \/>\n<meta property=\"og:type\" content=\"article\" \/>\n<meta property=\"og:title\" content=\"VTC Courchevel | Transferts priv\u00e9s et professionnels \u00e0 Courchevel\" \/>\n<meta property=\"og:description\" content=\"Transfert priv\u00e9 avec votre VTC \u00e0 Courchevel. Confort et professionnalisme pour vos s\u00e9jours au c\u0153ur des Alpes. R\u00e9servez maintenant !\" \/>\n<meta property=\"og:url\" content=\"https:\/\/alps.driverallseasons.com\/en\/our-transfers\/courchevel\/\" \/>\n<meta property=\"og:site_name\" content=\"Driver All Seasons Courchevel\" \/>\n<meta property=\"article:modified_time\" content=\"2023-12-29T13:24:53+00:00\" \/>\n<meta property=\"og:image\" content=\"https:\/\/alps.driverallseasons.com\/wp-content\/uploads\/2023\/12\/280.jpg\" \/>\n\t<meta property=\"og:image:width\" content=\"2000\" \/>\n\t<meta property=\"og:image:height\" content=\"1331\" \/>\n\t<meta property=\"og:image:type\" content=\"image\/jpeg\" \/>\n<meta name=\"twitter:card\" content=\"summary_large_image\" \/>\n<meta name=\"twitter:title\" content=\"Agence de Chauffeurs priv\u00e9s et VTC \u00e0 Nice - Driver All Seasons\" \/>\n<meta name=\"twitter:description\" content=\"R\u00e9servez un transfert en ligne pour les principales destinations de la C\u00f4te d&#039;Azur : A\u00e9roport de Nice, Saint Tropez, Monaco et bien d&#039;autre!\" \/>\n<meta name=\"twitter:image\" content=\"https:\/\/alps.driverallseasons.com\/wp-content\/uploads\/2021\/09\/FB_IMG_1495089126200.jpg\" \/>\n<meta name=\"twitter:label1\" content=\"Estimated reading time\" \/>\n\t<meta name=\"twitter:data1\" content=\"2 minutes\" \/>\n<script type=\"application\/ld+json\" class=\"yoast-schema-graph\">{\"@context\":\"https:\\\/\\\/schema.org\",\"@graph\":[{\"@type\":\"WebPage\",\"@id\":\"https:\\\/\\\/alps.driverallseasons.com\\\/nos-transferts\\\/courchevel\\\/\",\"url\":\"https:\\\/\\\/alps.driverallseasons.com\\\/nos-transferts\\\/courchevel\\\/\",\"name\":\"VTC Courchevel | Transferts priv\u00e9s et professionnels \u00e0 Courchevel\",\"isPartOf\":{\"@id\":\"https:\\\/\\\/alps.driverallseasons.com\\\/#website\"},\"primaryImageOfPage\":{\"@id\":\"https:\\\/\\\/alps.driverallseasons.com\\\/nos-transferts\\\/courchevel\\\/#primaryimage\"},\"image\":{\"@id\":\"https:\\\/\\\/alps.driverallseasons.com\\\/nos-transferts\\\/courchevel\\\/#primaryimage\"},\"thumbnailUrl\":\"https:\\\/\\\/alps.driverallseasons.com\\\/wp-content\\\/uploads\\\/2023\\\/12\\\/280.jpg\",\"datePublished\":\"2023-07-19T12:57:35+00:00\",\"dateModified\":\"2023-12-29T13:24:53+00:00\",\"description\":\"Transfert priv\u00e9 avec votre VTC \u00e0 Courchevel. Confort et professionnalisme pour vos s\u00e9jours au c\u0153ur des Alpes. R\u00e9servez maintenant !\",\"breadcrumb\":{\"@id\":\"https:\\\/\\\/alps.driverallseasons.com\\\/nos-transferts\\\/courchevel\\\/#breadcrumb\"},\"inLanguage\":\"en-GB\",\"potentialAction\":[{\"@type\":\"ReadAction\",\"target\":[\"https:\\\/\\\/alps.driverallseasons.com\\\/nos-transferts\\\/courchevel\\\/\"]}]},{\"@type\":\"ImageObject\",\"inLanguage\":\"en-GB\",\"@id\":\"https:\\\/\\\/alps.driverallseasons.com\\\/nos-transferts\\\/courchevel\\\/#primaryimage\",\"url\":\"https:\\\/\\\/alps.driverallseasons.com\\\/wp-content\\\/uploads\\\/2023\\\/12\\\/280.jpg\",\"contentUrl\":\"https:\\\/\\\/alps.driverallseasons.com\\\/wp-content\\\/uploads\\\/2023\\\/12\\\/280.jpg\",\"width\":2000,\"height\":1331,\"caption\":\"VTC Courchevel transferts et navettes\"},{\"@type\":\"BreadcrumbList\",\"@id\":\"https:\\\/\\\/alps.driverallseasons.com\\\/nos-transferts\\\/courchevel\\\/#breadcrumb\",\"itemListElement\":[{\"@type\":\"ListItem\",\"position\":1,\"name\":\"Accueil\",\"item\":\"https:\\\/\\\/alps.driverallseasons.com\\\/\"},{\"@type\":\"ListItem\",\"position\":2,\"name\":\"Nos transferts\",\"item\":\"https:\\\/\\\/alps.driverallseasons.com\\\/nos-transferts\\\/\"},{\"@type\":\"ListItem\",\"position\":3,\"name\":\"Courchevel\"}]},{\"@type\":\"WebSite\",\"@id\":\"https:\\\/\\\/alps.driverallseasons.com\\\/#website\",\"url\":\"https:\\\/\\\/alps.driverallseasons.com\\\/\",\"name\":\"Driver All Seasons Courchevel\",\"description\":\"VTC Courchevel Transfert et rapatriement\",\"potentialAction\":[{\"@type\":\"SearchAction\",\"target\":{\"@type\":\"EntryPoint\",\"urlTemplate\":\"https:\\\/\\\/alps.driverallseasons.com\\\/?s={search_term_string}\"},\"query-input\":{\"@type\":\"PropertyValueSpecification\",\"valueRequired\":true,\"valueName\":\"search_term_string\"}}],\"inLanguage\":\"en-GB\"}]}<\/script>\n<!-- \/ Yoast SEO plugin. -->","yoast_head_json":{"title":"VTC Courchevel | Transferts priv\u00e9s et professionnels \u00e0 Courchevel","description":"Transfert priv\u00e9 avec votre VTC \u00e0 Courchevel. Confort et professionnalisme pour vos s\u00e9jours au c\u0153ur des Alpes. R\u00e9servez maintenant !","robots":{"index":"index","follow":"follow","max-snippet":"max-snippet:-1","max-image-preview":"max-image-preview:large","max-video-preview":"max-video-preview:-1"},"canonical":"https:\/\/alps.driverallseasons.com\/en\/our-transfers\/courchevel\/","og_locale":"en_GB","og_type":"article","og_title":"VTC Courchevel | Transferts priv\u00e9s et professionnels \u00e0 Courchevel","og_description":"Transfert priv\u00e9 avec votre VTC \u00e0 Courchevel. Confort et professionnalisme pour vos s\u00e9jours au c\u0153ur des Alpes. R\u00e9servez maintenant !","og_url":"https:\/\/alps.driverallseasons.com\/en\/our-transfers\/courchevel\/","og_site_name":"Driver All Seasons Courchevel","article_modified_time":"2023-12-29T13:24:53+00:00","og_image":[{"width":2000,"height":1331,"url":"https:\/\/alps.driverallseasons.com\/wp-content\/uploads\/2023\/12\/280.jpg","type":"image\/jpeg"}],"twitter_card":"summary_large_image","twitter_title":"Agence de Chauffeurs priv\u00e9s et VTC \u00e0 Nice - Driver All Seasons","twitter_description":"R\u00e9servez un transfert en ligne pour les principales destinations de la C\u00f4te d'Azur : A\u00e9roport de Nice, Saint Tropez, Monaco et bien d'autre!","twitter_image":"https:\/\/alps.driverallseasons.com\/wp-content\/uploads\/2021\/09\/FB_IMG_1495089126200.jpg","twitter_misc":{"Estimated reading time":"2 minutes"},"schema":{"@context":"https:\/\/schema.org","@graph":[{"@type":"WebPage","@id":"https:\/\/alps.driverallseasons.com\/nos-transferts\/courchevel\/","url":"https:\/\/alps.driverallseasons.com\/nos-transferts\/courchevel\/","name":"VTC Courchevel | Transferts priv\u00e9s et professionnels \u00e0 Courchevel","isPartOf":{"@id":"https:\/\/alps.driverallseasons.com\/#website"},"primaryImageOfPage":{"@id":"https:\/\/alps.driverallseasons.com\/nos-transferts\/courchevel\/#primaryimage"},"image":{"@id":"https:\/\/alps.driverallseasons.com\/nos-transferts\/courchevel\/#primaryimage"},"thumbnailUrl":"https:\/\/alps.driverallseasons.com\/wp-content\/uploads\/2023\/12\/280.jpg","datePublished":"2023-07-19T12:57:35+00:00","dateModified":"2023-12-29T13:24:53+00:00","description":"Transfert priv\u00e9 avec votre VTC \u00e0 Courchevel. Confort et professionnalisme pour vos s\u00e9jours au c\u0153ur des Alpes. R\u00e9servez maintenant !","breadcrumb":{"@id":"https:\/\/alps.driverallseasons.com\/nos-transferts\/courchevel\/#breadcrumb"},"inLanguage":"en-GB","potentialAction":[{"@type":"ReadAction","target":["https:\/\/alps.driverallseasons.com\/nos-transferts\/courchevel\/"]}]},{"@type":"ImageObject","inLanguage":"en-GB","@id":"https:\/\/alps.driverallseasons.com\/nos-transferts\/courchevel\/#primaryimage","url":"https:\/\/alps.driverallseasons.com\/wp-content\/uploads\/2023\/12\/280.jpg","contentUrl":"https:\/\/alps.driverallseasons.com\/wp-content\/uploads\/2023\/12\/280.jpg","width":2000,"height":1331,"caption":"VTC Courchevel transferts et navettes"},{"@type":"BreadcrumbList","@id":"https:\/\/alps.driverallseasons.com\/nos-transferts\/courchevel\/#breadcrumb","itemListElement":[{"@type":"ListItem","position":1,"name":"Accueil","item":"https:\/\/alps.driverallseasons.com\/"},{"@type":"ListItem","position":2,"name":"Nos transferts","item":"https:\/\/alps.driverallseasons.com\/nos-transferts\/"},{"@type":"ListItem","position":3,"name":"Courchevel"}]},{"@type":"WebSite","@id":"https:\/\/alps.driverallseasons.com\/#website","url":"https:\/\/alps.driverallseasons.com\/","name":"Driver All Seasons Courchevel","description":"VTC Courchevel Transfert et rapatriement","potentialAction":[{"@type":"SearchAction","target":{"@type":"EntryPoint","urlTemplate":"https:\/\/alps.driverallseasons.com\/?s={search_term_string}"},"query-input":{"@type":"PropertyValueSpecification","valueRequired":true,"valueName":"search_term_string"}}],"inLanguage":"en-GB"}]}},"_links":{"self":[{"href":"https:\/\/alps.driverallseasons.com\/en\/wp-json\/wp\/v2\/pages\/2133","targetHints":{"allow":["GET"]}}],"collection":[{"href":"https:\/\/alps.driverallseasons.com\/en\/wp-json\/wp\/v2\/pages"}],"about":[{"href":"https:\/\/alps.driverallseasons.com\/en\/wp-json\/wp\/v2\/types\/page"}],"author":[{"embeddable":true,"href":"https:\/\/alps.driverallseasons.com\/en\/wp-json\/wp\/v2\/users\/1"}],"replies":[{"embeddable":true,"href":"https:\/\/alps.driverallseasons.com\/en\/wp-json\/wp\/v2\/comments?post=2133"}],"version-history":[{"count":45,"href":"https:\/\/alps.driverallseasons.com\/en\/wp-json\/wp\/v2\/pages\/2133\/revisions"}],"predecessor-version":[{"id":2768,"href":"https:\/\/alps.driverallseasons.com\/en\/wp-json\/wp\/v2\/pages\/2133\/revisions\/2768"}],"up":[{"embeddable":true,"href":"https:\/\/alps.driverallseasons.com\/en\/wp-json\/wp\/v2\/pages\/20"}],"wp:featuredmedia":[{"embeddable":true,"href":"https:\/\/alps.driverallseasons.com\/en\/wp-json\/wp\/v2\/media\/2533"}],"wp:attachment":[{"href":"https:\/\/alps.driverallseasons.com\/en\/wp-json\/wp\/v2\/media?parent=2133"}],"curies":[{"name":"wp","href":"https:\/\/api.w.org\/{rel}","templated":true}]}}