{"id":2135,"date":"2023-07-19T14:57:50","date_gmt":"2023-07-19T12:57:50","guid":{"rendered":"https:\/\/alps.driverallseasons.com\/?page_id=2135"},"modified":"2023-12-29T12:35:43","modified_gmt":"2023-12-29T11:35:43","slug":"val-thorens","status":"publish","type":"page","link":"https:\/\/alps.driverallseasons.com\/en\/our-transfers\/val-thorens\/","title":{"rendered":"Val Thorens"},"content":{"rendered":"<div data-elementor-type=\"wp-page\" data-elementor-id=\"2135\" class=\"elementor elementor-2135\" data-elementor-post-type=\"page\">\n\t\t\t\t\t\t<section class=\"elementor-section elementor-top-section elementor-element elementor-element-0c755fa elementor-section-content-bottom elementor-section-boxed elementor-section-height-default elementor-section-height-default\" data-id=\"0c755fa\" data-element_type=\"section\" data-e-type=\"section\" data-settings=\"{&quot;background_background&quot;:&quot;classic&quot;,&quot;shape_divider_bottom&quot;:&quot;tilt&quot;}\">\n\t\t\t\t\t\t\t<div class=\"elementor-background-overlay\"><\/div>\n\t\t\t\t\t\t<div class=\"elementor-shape elementor-shape-bottom\" aria-hidden=\"true\" data-negative=\"false\">\n\t\t\t<svg xmlns=\"http:\/\/www.w3.org\/2000\/svg\" viewbox=\"0 0 1000 100\" preserveaspectratio=\"none\">\n\t<path class=\"elementor-shape-fill\" d=\"M0,6V0h1000v100L0,6z\"\/>\n<\/svg>\t\t<\/div>\n\t\t\t\t\t<div class=\"elementor-container elementor-column-gap-extended\">\n\t\t\t\t\t<div class=\"elementor-column elementor-col-100 elementor-top-column elementor-element elementor-element-14fb06e\" data-id=\"14fb06e\" data-element_type=\"column\" data-e-type=\"column\">\n\t\t\t<div class=\"elementor-widget-wrap elementor-element-populated\">\n\t\t\t\t\t\t<div class=\"elementor-element elementor-element-ecaaffe elementor-widget elementor-widget-heading\" data-id=\"ecaaffe\" data-element_type=\"widget\" data-e-type=\"widget\" data-widget_type=\"heading.default\">\n\t\t\t\t<div class=\"elementor-widget-container\">\n\t\t\t\t\t<h1 class=\"elementor-heading-title elementor-size-default\">VTC Val-Thorens<\/h1>\t\t\t\t<\/div>\n\t\t\t\t<\/div>\n\t\t\t\t\t<\/div>\n\t\t<\/div>\n\t\t\t\t\t<\/div>\n\t\t<\/section>\n\t\t\t\t<section class=\"elementor-section elementor-top-section elementor-element elementor-element-df3aa89 elementor-section-boxed elementor-section-height-default elementor-section-height-default\" data-id=\"df3aa89\" data-element_type=\"section\" data-e-type=\"section\">\n\t\t\t\t\t\t<div class=\"elementor-container elementor-column-gap-default\">\n\t\t\t\t\t<div class=\"elementor-column elementor-col-100 elementor-top-column elementor-element elementor-element-9b40f42\" data-id=\"9b40f42\" data-element_type=\"column\" data-e-type=\"column\" data-settings=\"{&quot;background_background&quot;:&quot;classic&quot;}\">\n\t\t\t<div class=\"elementor-widget-wrap elementor-element-populated\">\n\t\t\t\t\t<div class=\"elementor-background-overlay\"><\/div>\n\t\t\t\t\t\t<section class=\"elementor-section elementor-inner-section elementor-element elementor-element-f9dac97 elementor-section-boxed elementor-section-height-default elementor-section-height-default\" data-id=\"f9dac97\" data-element_type=\"section\" data-e-type=\"section\" data-settings=\"{&quot;background_background&quot;:&quot;classic&quot;}\">\n\t\t\t\t\t\t<div class=\"elementor-container elementor-column-gap-default\">\n\t\t\t\t\t<div class=\"elementor-column elementor-col-50 elementor-inner-column elementor-element elementor-element-1d0526f\" data-id=\"1d0526f\" data-element_type=\"column\" data-e-type=\"column\" data-settings=\"{&quot;background_background&quot;:&quot;classic&quot;}\">\n\t\t\t<div class=\"elementor-widget-wrap elementor-element-populated\">\n\t\t\t\t\t\t\t<\/div>\n\t\t<\/div>\n\t\t\t\t<div class=\"elementor-column elementor-col-50 elementor-inner-column elementor-element elementor-element-cc0caf6\" data-id=\"cc0caf6\" data-element_type=\"column\" data-e-type=\"column\">\n\t\t\t<div class=\"elementor-widget-wrap elementor-element-populated\">\n\t\t\t\t\t\t<div class=\"elementor-element elementor-element-97ef1c9 elementor-widget elementor-widget-heading\" data-id=\"97ef1c9\" data-element_type=\"widget\" data-e-type=\"widget\" data-widget_type=\"heading.default\">\n\t\t\t\t<div class=\"elementor-widget-container\">\n\t\t\t\t\t<h2 class=\"elementor-heading-title elementor-size-default\">Take a VTC to Val-Thorens!<\/h2>\t\t\t\t<\/div>\n\t\t\t\t<\/div>\n\t\t\t\t<div class=\"elementor-element elementor-element-af7abe0 elementor-widget elementor-widget-text-editor\" data-id=\"af7abe0\" data-element_type=\"widget\" data-e-type=\"widget\" data-widget_type=\"text-editor.default\">\n\t\t\t\t<div class=\"elementor-widget-container\">\n\t\t\t\t\t\t\t\t\t<p>Welcome to Val Thorens, a white paradise nestled in the heart of the Alps. Dreaming of magical moments on snow-covered peaks? Our transport company is your privileged ally for an unforgettable winter experience.<\/p><p>With our transfer service, you'll have easy access to this exceptional resort from the airport or train station. Our experienced drivers will take you safely and comfortably through the enchanting mountain scenery.<\/p><p>Make the most of your stay and avoid logistical worries. Our fleet of winter-equipped vehicles will ensure your arrival is trouble-free. All you have to do is relax and admire the breathtaking panoramas.<\/p><p>Whether you're a group of friends, a family or a couple in search of romance, our transport service is tailored to your needs. We'll take you to the snowy slopes, Savoyard restaurants and local activities to make your stay in Val Thorens second to none.<\/p><p>Book now and let us enhance your mountain experience. Make your trip to Val Thorens a hassle-free adventure with our trusted transport company. Unforgettable moments await you, embark on white happiness with us!<\/p>\t\t\t\t\t\t\t\t<\/div>\n\t\t\t\t<\/div>\n\t\t\t\t<div class=\"elementor-element elementor-element-57b13a6 elementor-align-center elementor-mobile-align-center elementor-widget elementor-widget-button\" data-id=\"57b13a6\" data-element_type=\"widget\" data-e-type=\"widget\" data-widget_type=\"button.default\">\n\t\t\t\t<div class=\"elementor-widget-container\">\n\t\t\t\t\t\t\t\t\t<div class=\"elementor-button-wrapper\">\n\t\t\t\t\t<a class=\"elementor-button elementor-button-link elementor-size-sm\" href=\"https:\/\/driverallseasons.com\/reserver-en-ligne\/\">\n\t\t\t\t\t\t<span class=\"elementor-button-content-wrapper\">\n\t\t\t\t\t\t<span class=\"elementor-button-icon\">\n\t\t\t\t<i aria-hidden=\"true\" class=\"far fa-calendar-alt\"><\/i>\t\t\t<\/span>\n\t\t\t\t\t\t\t\t\t<span class=\"elementor-button-text\">Book online<\/span>\n\t\t\t\t\t<\/span>\n\t\t\t\t\t<\/a>\n\t\t\t\t<\/div>\n\t\t\t\t\t\t\t\t<\/div>\n\t\t\t\t<\/div>\n\t\t\t\t\t<\/div>\n\t\t<\/div>\n\t\t\t\t\t<\/div>\n\t\t<\/section>\n\t\t\t\t\t<\/div>\n\t\t<\/div>\n\t\t\t\t\t<\/div>\n\t\t<\/section>\n\t\t\t\t<\/div>","protected":false},"excerpt":{"rendered":"<p>VTC Val-Thorens Prenez un VTC pour Val-Thorens ! Bienvenue \u00e0 Val Thorens, v\u00e9ritable paradis blanc nich\u00e9 au c\u0153ur des Alpes. Vous r\u00eavez de vivre des moments magiques sur les sommets enneig\u00e9s ? Notre soci\u00e9t\u00e9 de transport est votre alli\u00e9e privil\u00e9gi\u00e9e pour une exp\u00e9rience hivernale inoubliable. En optant pour notre service de transfert, acc\u00e9dez ais\u00e9ment \u00e0 [&hellip;]<\/p>","protected":false},"author":1,"featured_media":2308,"parent":20,"menu_order":0,"comment_status":"closed","ping_status":"closed","template":"","meta":{"site-sidebar-layout":"no-sidebar","site-content-layout":"page-builder","ast-site-content-layout":"full-width-container","site-content-style":"unboxed","site-sidebar-style":"unboxed","ast-global-header-display":"","ast-banner-title-visibility":"","ast-main-header-display":"","ast-hfb-above-header-display":"","ast-hfb-below-header-display":"","ast-hfb-mobile-header-display":"","site-post-title":"disabled","ast-breadcrumbs-content":"","ast-featured-img":"disabled","footer-sml-layout":"","ast-disable-related-posts":"","theme-transparent-header-meta":"default","adv-header-id-meta":"","stick-header-meta":"","header-above-stick-meta":"","header-main-stick-meta":"","header-below-stick-meta":"","astra-migrate-meta-layouts":"set","ast-page-background-enabled":"default","ast-page-background-meta":{"desktop":{"background-color":"","background-image":"","background-repeat":"repeat","background-position":"center center","background-size":"auto","background-attachment":"scroll","background-type":"","background-media":"","overlay-type":"","overlay-color":"","overlay-opacity":"","overlay-gradient":""},"tablet":{"background-color":"","background-image":"","background-repeat":"repeat","background-position":"center center","background-size":"auto","background-attachment":"scroll","background-type":"","background-media":"","overlay-type":"","overlay-color":"","overlay-opacity":"","overlay-gradient":""},"mobile":{"background-color":"","background-image":"","background-repeat":"repeat","background-position":"center center","background-size":"auto","background-attachment":"scroll","background-type":"","background-media":"","overlay-type":"","overlay-color":"","overlay-opacity":"","overlay-gradient":""}},"ast-content-background-meta":{"desktop":{"background-color":"var(--ast-global-color-5)","background-image":"","background-repeat":"repeat","background-position":"center center","background-size":"auto","background-attachment":"scroll","background-type":"","background-media":"","overlay-type":"","overlay-color":"","overlay-opacity":"","overlay-gradient":""},"tablet":{"background-color":"var(--ast-global-color-5)","background-image":"","background-repeat":"repeat","background-position":"center center","background-size":"auto","background-attachment":"scroll","background-type":"","background-media":"","overlay-type":"","overlay-color":"","overlay-opacity":"","overlay-gradient":""},"mobile":{"background-color":"var(--ast-global-color-5)","background-image":"","background-repeat":"repeat","background-position":"center center","background-size":"auto","background-attachment":"scroll","background-type":"","background-media":"","overlay-type":"","overlay-color":"","overlay-opacity":"","overlay-gradient":""}},"footnotes":""},"class_list":["post-2135","page","type-page","status-publish","has-post-thumbnail","hentry"],"yoast_head":"<!-- This site is optimized with the Yoast SEO plugin v27.4 - https:\/\/yoast.com\/product\/yoast-seo-wordpress\/ -->\n<title>Chauffeur VTC Val-Thorens | Visites guid\u00e9es excursions<\/title>\n<meta name=\"description\" content=\"Votre chauffeur VTC \u00e0 Val-Thorens reste \u00e0 votre disposition pour vous conduire vers toutes destinations ou au pied des pistes de ski.\" \/>\n<meta name=\"robots\" content=\"index, follow, max-snippet:-1, max-image-preview:large, max-video-preview:-1\" \/>\n<link rel=\"canonical\" href=\"https:\/\/alps.driverallseasons.com\/en\/our-transfers\/val-thorens\/\" \/>\n<meta property=\"og:locale\" content=\"en_GB\" \/>\n<meta property=\"og:type\" content=\"article\" \/>\n<meta property=\"og:title\" content=\"Chauffeur VTC Val-Thorens | Visites guid\u00e9es excursions\" \/>\n<meta property=\"og:description\" content=\"Votre chauffeur VTC \u00e0 Val-Thorens reste \u00e0 votre disposition pour vous conduire vers toutes destinations ou en bas des pistes de ski.\" \/>\n<meta property=\"og:url\" content=\"https:\/\/alps.driverallseasons.com\/en\/our-transfers\/val-thorens\/\" \/>\n<meta property=\"og:site_name\" content=\"Driver All Seasons Courchevel\" \/>\n<meta property=\"article:modified_time\" content=\"2023-12-29T11:35:43+00:00\" \/>\n<meta property=\"og:image\" content=\"https:\/\/alps.driverallseasons.com\/wp-content\/uploads\/2023\/07\/val-thorens-couches-soleil.jpg\" \/>\n\t<meta property=\"og:image:width\" content=\"1254\" \/>\n\t<meta property=\"og:image:height\" content=\"836\" \/>\n\t<meta property=\"og:image:type\" content=\"image\/jpeg\" \/>\n<meta name=\"twitter:card\" content=\"summary_large_image\" \/>\n<meta name=\"twitter:title\" content=\"Agence de Chauffeurs priv\u00e9s et VTC \u00e0 Nice - Driver All Seasons\" \/>\n<meta name=\"twitter:description\" content=\"R\u00e9servez un transfert en ligne pour les principales destinations de la C\u00f4te d&#039;Azur : A\u00e9roport de Nice, Saint Tropez, Monaco et bien d&#039;autre!\" \/>\n<meta name=\"twitter:image\" content=\"https:\/\/alps.driverallseasons.com\/wp-content\/uploads\/2021\/09\/FB_IMG_1495089126200.jpg\" \/>\n<meta name=\"twitter:label1\" content=\"Estimated reading time\" \/>\n\t<meta name=\"twitter:data1\" content=\"2 minutes\" \/>\n<script type=\"application\/ld+json\" class=\"yoast-schema-graph\">{\"@context\":\"https:\\\/\\\/schema.org\",\"@graph\":[{\"@type\":\"WebPage\",\"@id\":\"https:\\\/\\\/alps.driverallseasons.com\\\/nos-transferts\\\/val-thorens\\\/\",\"url\":\"https:\\\/\\\/alps.driverallseasons.com\\\/nos-transferts\\\/val-thorens\\\/\",\"name\":\"Chauffeur VTC Val-Thorens | Visites guid\u00e9es excursions\",\"isPartOf\":{\"@id\":\"https:\\\/\\\/alps.driverallseasons.com\\\/#website\"},\"primaryImageOfPage\":{\"@id\":\"https:\\\/\\\/alps.driverallseasons.com\\\/nos-transferts\\\/val-thorens\\\/#primaryimage\"},\"image\":{\"@id\":\"https:\\\/\\\/alps.driverallseasons.com\\\/nos-transferts\\\/val-thorens\\\/#primaryimage\"},\"thumbnailUrl\":\"https:\\\/\\\/alps.driverallseasons.com\\\/wp-content\\\/uploads\\\/2023\\\/07\\\/val-thorens-couches-soleil.jpg\",\"datePublished\":\"2023-07-19T12:57:50+00:00\",\"dateModified\":\"2023-12-29T11:35:43+00:00\",\"description\":\"Votre chauffeur VTC \u00e0 Val-Thorens reste \u00e0 votre disposition pour vous conduire vers toutes destinations ou au pied des pistes de ski.\",\"breadcrumb\":{\"@id\":\"https:\\\/\\\/alps.driverallseasons.com\\\/nos-transferts\\\/val-thorens\\\/#breadcrumb\"},\"inLanguage\":\"en-GB\",\"potentialAction\":[{\"@type\":\"ReadAction\",\"target\":[\"https:\\\/\\\/alps.driverallseasons.com\\\/nos-transferts\\\/val-thorens\\\/\"]}]},{\"@type\":\"ImageObject\",\"inLanguage\":\"en-GB\",\"@id\":\"https:\\\/\\\/alps.driverallseasons.com\\\/nos-transferts\\\/val-thorens\\\/#primaryimage\",\"url\":\"https:\\\/\\\/alps.driverallseasons.com\\\/wp-content\\\/uploads\\\/2023\\\/07\\\/val-thorens-couches-soleil.jpg\",\"contentUrl\":\"https:\\\/\\\/alps.driverallseasons.com\\\/wp-content\\\/uploads\\\/2023\\\/07\\\/val-thorens-couches-soleil.jpg\",\"width\":1254,\"height\":836,\"caption\":\"VTC Val-Thorens\"},{\"@type\":\"BreadcrumbList\",\"@id\":\"https:\\\/\\\/alps.driverallseasons.com\\\/nos-transferts\\\/val-thorens\\\/#breadcrumb\",\"itemListElement\":[{\"@type\":\"ListItem\",\"position\":1,\"name\":\"Accueil\",\"item\":\"https:\\\/\\\/alps.driverallseasons.com\\\/\"},{\"@type\":\"ListItem\",\"position\":2,\"name\":\"Nos transferts\",\"item\":\"https:\\\/\\\/alps.driverallseasons.com\\\/nos-transferts\\\/\"},{\"@type\":\"ListItem\",\"position\":3,\"name\":\"Val Thorens\"}]},{\"@type\":\"WebSite\",\"@id\":\"https:\\\/\\\/alps.driverallseasons.com\\\/#website\",\"url\":\"https:\\\/\\\/alps.driverallseasons.com\\\/\",\"name\":\"Driver All Seasons Courchevel\",\"description\":\"VTC Courchevel Transfert et rapatriement\",\"potentialAction\":[{\"@type\":\"SearchAction\",\"target\":{\"@type\":\"EntryPoint\",\"urlTemplate\":\"https:\\\/\\\/alps.driverallseasons.com\\\/?s={search_term_string}\"},\"query-input\":{\"@type\":\"PropertyValueSpecification\",\"valueRequired\":true,\"valueName\":\"search_term_string\"}}],\"inLanguage\":\"en-GB\"}]}<\/script>\n<!-- \/ Yoast SEO plugin. -->","yoast_head_json":{"title":"Chauffeur VTC Val-Thorens | Visites guid\u00e9es excursions","description":"Votre chauffeur VTC \u00e0 Val-Thorens reste \u00e0 votre disposition pour vous conduire vers toutes destinations ou au pied des pistes de ski.","robots":{"index":"index","follow":"follow","max-snippet":"max-snippet:-1","max-image-preview":"max-image-preview:large","max-video-preview":"max-video-preview:-1"},"canonical":"https:\/\/alps.driverallseasons.com\/en\/our-transfers\/val-thorens\/","og_locale":"en_GB","og_type":"article","og_title":"Chauffeur VTC Val-Thorens | Visites guid\u00e9es excursions","og_description":"Votre chauffeur VTC \u00e0 Val-Thorens reste \u00e0 votre disposition pour vous conduire vers toutes destinations ou en bas des pistes de ski.","og_url":"https:\/\/alps.driverallseasons.com\/en\/our-transfers\/val-thorens\/","og_site_name":"Driver All Seasons Courchevel","article_modified_time":"2023-12-29T11:35:43+00:00","og_image":[{"width":1254,"height":836,"url":"https:\/\/alps.driverallseasons.com\/wp-content\/uploads\/2023\/07\/val-thorens-couches-soleil.jpg","type":"image\/jpeg"}],"twitter_card":"summary_large_image","twitter_title":"Agence de Chauffeurs priv\u00e9s et VTC \u00e0 Nice - Driver All Seasons","twitter_description":"R\u00e9servez un transfert en ligne pour les principales destinations de la C\u00f4te d'Azur : A\u00e9roport de Nice, Saint Tropez, Monaco et bien d'autre!","twitter_image":"https:\/\/alps.driverallseasons.com\/wp-content\/uploads\/2021\/09\/FB_IMG_1495089126200.jpg","twitter_misc":{"Estimated reading time":"2 minutes"},"schema":{"@context":"https:\/\/schema.org","@graph":[{"@type":"WebPage","@id":"https:\/\/alps.driverallseasons.com\/nos-transferts\/val-thorens\/","url":"https:\/\/alps.driverallseasons.com\/nos-transferts\/val-thorens\/","name":"Chauffeur VTC Val-Thorens | Visites guid\u00e9es excursions","isPartOf":{"@id":"https:\/\/alps.driverallseasons.com\/#website"},"primaryImageOfPage":{"@id":"https:\/\/alps.driverallseasons.com\/nos-transferts\/val-thorens\/#primaryimage"},"image":{"@id":"https:\/\/alps.driverallseasons.com\/nos-transferts\/val-thorens\/#primaryimage"},"thumbnailUrl":"https:\/\/alps.driverallseasons.com\/wp-content\/uploads\/2023\/07\/val-thorens-couches-soleil.jpg","datePublished":"2023-07-19T12:57:50+00:00","dateModified":"2023-12-29T11:35:43+00:00","description":"Votre chauffeur VTC \u00e0 Val-Thorens reste \u00e0 votre disposition pour vous conduire vers toutes destinations ou au pied des pistes de ski.","breadcrumb":{"@id":"https:\/\/alps.driverallseasons.com\/nos-transferts\/val-thorens\/#breadcrumb"},"inLanguage":"en-GB","potentialAction":[{"@type":"ReadAction","target":["https:\/\/alps.driverallseasons.com\/nos-transferts\/val-thorens\/"]}]},{"@type":"ImageObject","inLanguage":"en-GB","@id":"https:\/\/alps.driverallseasons.com\/nos-transferts\/val-thorens\/#primaryimage","url":"https:\/\/alps.driverallseasons.com\/wp-content\/uploads\/2023\/07\/val-thorens-couches-soleil.jpg","contentUrl":"https:\/\/alps.driverallseasons.com\/wp-content\/uploads\/2023\/07\/val-thorens-couches-soleil.jpg","width":1254,"height":836,"caption":"VTC Val-Thorens"},{"@type":"BreadcrumbList","@id":"https:\/\/alps.driverallseasons.com\/nos-transferts\/val-thorens\/#breadcrumb","itemListElement":[{"@type":"ListItem","position":1,"name":"Accueil","item":"https:\/\/alps.driverallseasons.com\/"},{"@type":"ListItem","position":2,"name":"Nos transferts","item":"https:\/\/alps.driverallseasons.com\/nos-transferts\/"},{"@type":"ListItem","position":3,"name":"Val Thorens"}]},{"@type":"WebSite","@id":"https:\/\/alps.driverallseasons.com\/#website","url":"https:\/\/alps.driverallseasons.com\/","name":"Driver All Seasons Courchevel","description":"VTC Courchevel Transfert et rapatriement","potentialAction":[{"@type":"SearchAction","target":{"@type":"EntryPoint","urlTemplate":"https:\/\/alps.driverallseasons.com\/?s={search_term_string}"},"query-input":{"@type":"PropertyValueSpecification","valueRequired":true,"valueName":"search_term_string"}}],"inLanguage":"en-GB"}]}},"_links":{"self":[{"href":"https:\/\/alps.driverallseasons.com\/en\/wp-json\/wp\/v2\/pages\/2135","targetHints":{"allow":["GET"]}}],"collection":[{"href":"https:\/\/alps.driverallseasons.com\/en\/wp-json\/wp\/v2\/pages"}],"about":[{"href":"https:\/\/alps.driverallseasons.com\/en\/wp-json\/wp\/v2\/types\/page"}],"author":[{"embeddable":true,"href":"https:\/\/alps.driverallseasons.com\/en\/wp-json\/wp\/v2\/users\/1"}],"replies":[{"embeddable":true,"href":"https:\/\/alps.driverallseasons.com\/en\/wp-json\/wp\/v2\/comments?post=2135"}],"version-history":[{"count":17,"href":"https:\/\/alps.driverallseasons.com\/en\/wp-json\/wp\/v2\/pages\/2135\/revisions"}],"predecessor-version":[{"id":2731,"href":"https:\/\/alps.driverallseasons.com\/en\/wp-json\/wp\/v2\/pages\/2135\/revisions\/2731"}],"up":[{"embeddable":true,"href":"https:\/\/alps.driverallseasons.com\/en\/wp-json\/wp\/v2\/pages\/20"}],"wp:featuredmedia":[{"embeddable":true,"href":"https:\/\/alps.driverallseasons.com\/en\/wp-json\/wp\/v2\/media\/2308"}],"wp:attachment":[{"href":"https:\/\/alps.driverallseasons.com\/en\/wp-json\/wp\/v2\/media?parent=2135"}],"curies":[{"name":"wp","href":"https:\/\/api.w.org\/{rel}","templated":true}]}}