{"id":2581,"date":"2023-12-28T10:40:21","date_gmt":"2023-12-28T09:40:21","guid":{"rendered":"https:\/\/alps.driverallseasons.com\/?page_id=2581"},"modified":"2023-12-29T12:21:44","modified_gmt":"2023-12-29T11:21:44","slug":"aviation-privee","status":"publish","type":"page","link":"https:\/\/alps.driverallseasons.com\/en\/private-aircraft\/","title":{"rendered":"Private aircraft"},"content":{"rendered":"<div data-elementor-type=\"wp-page\" data-elementor-id=\"2581\" class=\"elementor elementor-2581\" data-elementor-post-type=\"page\">\n\t\t\t\t\t\t<section class=\"elementor-section elementor-top-section elementor-element elementor-element-161dfd6 elementor-section-content-middle elementor-section-boxed elementor-section-height-default elementor-section-height-default\" data-id=\"161dfd6\" data-element_type=\"section\" data-e-type=\"section\" data-settings=\"{&quot;background_background&quot;:&quot;classic&quot;,&quot;shape_divider_bottom&quot;:&quot;tilt&quot;}\">\n\t\t\t\t\t\t\t<div class=\"elementor-background-overlay\"><\/div>\n\t\t\t\t\t\t<div class=\"elementor-shape elementor-shape-bottom\" aria-hidden=\"true\" data-negative=\"false\">\n\t\t\t<svg xmlns=\"http:\/\/www.w3.org\/2000\/svg\" viewbox=\"0 0 1000 100\" preserveaspectratio=\"none\">\n\t<path class=\"elementor-shape-fill\" d=\"M0,6V0h1000v100L0,6z\"\/>\n<\/svg>\t\t<\/div>\n\t\t\t\t\t<div class=\"elementor-container elementor-column-gap-extended\">\n\t\t\t\t\t<div class=\"elementor-column elementor-col-100 elementor-top-column elementor-element elementor-element-4babefb\" data-id=\"4babefb\" data-element_type=\"column\" data-e-type=\"column\">\n\t\t\t<div class=\"elementor-widget-wrap elementor-element-populated\">\n\t\t\t\t\t\t<div class=\"elementor-element elementor-element-39eb8cc elementor-widget elementor-widget-heading\" data-id=\"39eb8cc\" data-element_type=\"widget\" data-e-type=\"widget\" data-widget_type=\"heading.default\">\n\t\t\t\t<div class=\"elementor-widget-container\">\n\t\t\t\t\t<h1 class=\"elementor-heading-title elementor-size-default\">Private aircraft<br> Jet and helicopter rental<\/h1>\t\t\t\t<\/div>\n\t\t\t\t<\/div>\n\t\t\t\t\t<\/div>\n\t\t<\/div>\n\t\t\t\t\t<\/div>\n\t\t<\/section>\n\t\t\t\t<section class=\"elementor-section elementor-top-section elementor-element elementor-element-c5f69b2 elementor-section-boxed elementor-section-height-default elementor-section-height-default\" data-id=\"c5f69b2\" data-element_type=\"section\" data-e-type=\"section\">\n\t\t\t\t\t\t<div class=\"elementor-container elementor-column-gap-default\">\n\t\t\t\t\t<div class=\"elementor-column elementor-col-100 elementor-top-column elementor-element elementor-element-0c6ca64\" data-id=\"0c6ca64\" data-element_type=\"column\" data-e-type=\"column\" data-settings=\"{&quot;background_background&quot;:&quot;classic&quot;}\">\n\t\t\t<div class=\"elementor-widget-wrap elementor-element-populated\">\n\t\t\t\t\t<div class=\"elementor-background-overlay\"><\/div>\n\t\t\t\t\t\t<section class=\"elementor-section elementor-inner-section elementor-element elementor-element-bfdb5ce elementor-section-boxed elementor-section-height-default elementor-section-height-default\" data-id=\"bfdb5ce\" data-element_type=\"section\" data-e-type=\"section\">\n\t\t\t\t\t\t<div class=\"elementor-container elementor-column-gap-default\">\n\t\t\t\t\t<div class=\"elementor-column elementor-col-50 elementor-inner-column elementor-element elementor-element-fa34009\" data-id=\"fa34009\" data-element_type=\"column\" data-e-type=\"column\" data-settings=\"{&quot;background_background&quot;:&quot;classic&quot;}\">\n\t\t\t<div class=\"elementor-widget-wrap elementor-element-populated\">\n\t\t\t\t\t\t\t<\/div>\n\t\t<\/div>\n\t\t\t\t<div class=\"elementor-column elementor-col-50 elementor-inner-column elementor-element elementor-element-8463f58\" data-id=\"8463f58\" data-element_type=\"column\" data-e-type=\"column\">\n\t\t\t<div class=\"elementor-widget-wrap elementor-element-populated\">\n\t\t\t\t\t\t<div class=\"elementor-element elementor-element-8930f1e elementor-widget elementor-widget-heading\" data-id=\"8930f1e\" data-element_type=\"widget\" data-e-type=\"widget\" data-widget_type=\"heading.default\">\n\t\t\t\t<div class=\"elementor-widget-container\">\n\t\t\t\t\t<h2 class=\"elementor-heading-title elementor-size-default\">Jet and helicopter rental<\/h2>\t\t\t\t<\/div>\n\t\t\t\t<\/div>\n\t\t\t\t<div class=\"elementor-element elementor-element-0d125ae elementor-widget elementor-widget-text-editor\" data-id=\"0d125ae\" data-element_type=\"widget\" data-e-type=\"widget\" data-widget_type=\"text-editor.default\">\n\t\t\t\t<div class=\"elementor-widget-container\">\n\t\t\t\t\t\t\t\t\t<p>Welcome to a world where luxury, efficiency and prestige meet in one flight. Our exclusive private jet service from key destinations such as the C\u00f4te d'Azur and Geneva to a host of must-see locations transcends the travel experience.<\/p><p>From the moment you plan your getaway, our dedicated service is committed to offering you uncompromising comfort, unrivalled speed and absolute discretion. When you arrive, our team of experts will welcome you and take care of every detail of your trip. Our fleets of helicopters and private jets, veritable gems of technology, ensure safe, smooth and pleasant journeys, allowing you to maximise every precious minute to reach your destination in the best possible conditions.<\/p><p>Whatever the reason for your trip - whether it's business, a romantic getaway or a family holiday - our diverse fleet gives you total flexibility to choose the aircraft that perfectly suits your needs. You can expect unrivalled comfort, luxurious amenities and personalised service throughout your journey, exceeding your most demanding expectations.<\/p><p>Our commitment to excellence, safety and customer satisfaction is at the heart of our mission. You can have absolute confidence in our expertise to deliver an unforgettable travel experience to the world's most prestigious destinations.<\/p><p>Explore the essence of private aviation elegance. Embark on an escape to sumptuous horizons with our helicopter and private jet transfer service. Your exceptional journey begins here and now. Book your next flight with us and immerse yourself in an experience that transcends mere travel to become an unforgettable moment, marked by refinement and ultimate comfort.<\/p><p>Fill in our form and we'll get back to you as soon as possible!<\/p>\t\t\t\t\t\t\t\t<\/div>\n\t\t\t\t<\/div>\n\t\t\t\t\t<\/div>\n\t\t<\/div>\n\t\t\t\t\t<\/div>\n\t\t<\/section>\n\t\t\t\t\t<\/div>\n\t\t<\/div>\n\t\t\t\t\t<\/div>\n\t\t<\/section>\n\t\t\t\t<section class=\"elementor-section elementor-top-section elementor-element elementor-element-3a0b63e elementor-section-boxed elementor-section-height-default elementor-section-height-default\" data-id=\"3a0b63e\" data-element_type=\"section\" data-e-type=\"section\">\n\t\t\t\t\t\t<div class=\"elementor-container elementor-column-gap-default\">\n\t\t\t\t\t<div class=\"elementor-column elementor-col-100 elementor-top-column elementor-element elementor-element-5001c54\" data-id=\"5001c54\" data-element_type=\"column\" data-e-type=\"column\">\n\t\t\t<div class=\"elementor-widget-wrap elementor-element-populated\">\n\t\t\t\t\t\t<div class=\"elementor-element elementor-element-c97460f elementor-widget elementor-widget-heading\" data-id=\"c97460f\" data-element_type=\"widget\" data-e-type=\"widget\" data-widget_type=\"heading.default\">\n\t\t\t\t<div class=\"elementor-widget-container\">\n\t\t\t\t\t<h2 class=\"elementor-heading-title elementor-size-default\">Quote request form<\/h2>\t\t\t\t<\/div>\n\t\t\t\t<\/div>\n\t\t\t\t<div class=\"elementor-element elementor-element-3a75f8c elementor-widget elementor-widget-shortcode\" data-id=\"3a75f8c\" data-element_type=\"widget\" data-e-type=\"widget\" data-widget_type=\"shortcode.default\">\n\t\t\t\t<div class=\"elementor-widget-container\">\n\t\t\t\t\t\t\t<div class=\"elementor-shortcode\"><div class=\"wpforms-container\" id=\"wpforms-2653\"><form id=\"wpforms-form-2653\" class=\"wpforms-validate wpforms-form wpforms-ajax-form\" data-formid=\"2653\" method=\"post\" enctype=\"multipart\/form-data\" action=\"\/en\/wp-json\/wp\/v2\/pages\/2581\" data-token=\"9a076279c14840b117b60f3a0482f458\" data-token-time=\"1776501728\" data-trp-original-action=\"\/en\/wp-json\/wp\/v2\/pages\/2581\"><noscript class=\"wpforms-error-noscript\">Please enable JavaScript in your browser to complete this form.<\/noscript><div class=\"wpforms-field-container\"><div id=\"wpforms-2653-field_0-container\" class=\"wpforms-field wpforms-field-name\" data-field-id=\"0\"><label class=\"wpforms-field-label wpforms-label-hide\" for=\"wpforms-2653-field_0\">Nom <span class=\"wpforms-required-label\">*<\/span><\/label><div class=\"wpforms-field-row wpforms-field-large\"><div class=\"wpforms-field-row-block wpforms-first wpforms-one-half\"><input type=\"text\" id=\"wpforms-2653-field_0\" class=\"wpforms-field-name-first wpforms-field-required\" name=\"wpforms[fields][0][first]\" value=\"Nom\" required><label for=\"wpforms-2653-field_0\" class=\"wpforms-field-sublabel after wpforms-sublabel-hide\">First<\/label><\/div><div class=\"wpforms-field-row-block wpforms-one-half\"><input type=\"text\" id=\"wpforms-2653-field_0-last\" class=\"wpforms-field-name-last wpforms-field-required\" name=\"wpforms[fields][0][last]\" value=\"Pr\u00e9nom\" required><label for=\"wpforms-2653-field_0-last\" class=\"wpforms-field-sublabel after wpforms-sublabel-hide\">Last<\/label><\/div><\/div><\/div><div id=\"wpforms-2653-field_1-container\" class=\"wpforms-field wpforms-field-email\" data-field-id=\"1\"><label class=\"wpforms-field-label\" for=\"wpforms-2653-field_1\">E-mail <span class=\"wpforms-required-label\">*<\/span><\/label><input type=\"email\" id=\"wpforms-2653-field_1\" class=\"wpforms-field-large wpforms-field-required\" name=\"wpforms[fields][1]\" spellcheck=\"false\" required><\/div><div id=\"wpforms-2653-field_4-container\" class=\"wpforms-field wpforms-field-text\" data-field-id=\"4\"><label class=\"wpforms-field-label\" for=\"wpforms-2653-field_4\">Num\u00e9ro de t\u00e9l\u00e9phone<\/label><input type=\"text\" id=\"wpforms-2653-field_4\" class=\"wpforms-field-large\" name=\"wpforms[fields][4]\" ><\/div><div id=\"wpforms-2653-field_2-container\" class=\"wpforms-field wpforms-field-textarea\" data-field-id=\"2\"><label class=\"wpforms-field-label\" for=\"wpforms-2653-field_2\">Votre demande<\/label><textarea id=\"wpforms-2653-field_2\" class=\"wpforms-field-large\" name=\"wpforms[fields][2]\" ><\/textarea><\/div><div id=\"wpforms-2653-field_5-container\" class=\"wpforms-field wpforms-field-radio\" data-field-id=\"5\"><label class=\"wpforms-field-label\">Type de vol<\/label><ul id=\"wpforms-2653-field_5\"><li class=\"choice-1 depth-1 wpforms-selected\"><input type=\"radio\" id=\"wpforms-2653-field_5_1\" name=\"wpforms[fields][5]\" value=\"Aller simple\"   checked='checked'><label class=\"wpforms-field-label-inline\" for=\"wpforms-2653-field_5_1\">Aller simple<\/label><\/li><li class=\"choice-2 depth-1\"><input type=\"radio\" id=\"wpforms-2653-field_5_2\" name=\"wpforms[fields][5]\" value=\"Aller\/retour\"  ><label class=\"wpforms-field-label-inline\" for=\"wpforms-2653-field_5_2\">Aller\/retour<\/label><\/li><\/ul><\/div><\/div><!-- .wpforms-field-container --><div class=\"wpforms-submit-container\" ><input type=\"hidden\" name=\"wpforms[id]\" value=\"2653\"><input type=\"hidden\" name=\"page_title\" value=\"\"><input type=\"hidden\" name=\"page_url\" value=\"https:\/\/alps.driverallseasons.com\/en\/wp-json\/wp\/v2\/pages\/2581\"><input type=\"hidden\" name=\"url_referer\" value=\"\"><button type=\"submit\" name=\"wpforms[submit]\" id=\"wpforms-submit-2653\" class=\"wpforms-submit\" data-alt-text=\"Envoi...\" data-submit-text=\"Envoyer\" aria-live=\"assertive\" value=\"wpforms-submit\">Send<\/button><img decoding=\"async\" src=\"https:\/\/alps.driverallseasons.com\/wp-content\/plugins\/wpforms-lite\/assets\/images\/submit-spin.svg\" class=\"wpforms-submit-spinner\" style=\"display: none;\" width=\"26\" height=\"26\" alt=\"Loading\"><\/div><input type=\"hidden\" name=\"trp-form-language\" value=\"en\"\/><\/form><\/div>  <!-- .wpforms-container --><\/div>\n\t\t\t\t\t\t<\/div>\n\t\t\t\t<\/div>\n\t\t\t\t\t<\/div>\n\t\t<\/div>\n\t\t\t\t\t<\/div>\n\t\t<\/section>\n\t\t\t\t<\/div>","protected":false},"excerpt":{"rendered":"<p>Aviation priv\u00e9e Location jet, h\u00e9licopt\u00e8re Location jet, h\u00e9licopt\u00e8re priv\u00e9 Bienvenue dans un monde o\u00f9 le luxe, l&rsquo;efficacit\u00e9 et le prestige se rencontrent en un vol. Notre service exclusif d&rsquo;aviation priv\u00e9e depuis des destinations cl\u00e9s telles que la C\u00f4te d\u2019Azur et Gen\u00e8ve vers une multitude d&rsquo;endroits incontournables, transcende l&rsquo;exp\u00e9rience du voyage. D\u00e8s l&rsquo;instant o\u00f9 vous envisagez [&hellip;]<\/p>","protected":false},"author":2,"featured_media":2584,"parent":0,"menu_order":0,"comment_status":"closed","ping_status":"closed","template":"","meta":{"site-sidebar-layout":"no-sidebar","site-content-layout":"page-builder","ast-site-content-layout":"full-width-container","site-content-style":"unboxed","site-sidebar-style":"unboxed","ast-global-header-display":"","ast-banner-title-visibility":"","ast-main-header-display":"","ast-hfb-above-header-display":"","ast-hfb-below-header-display":"","ast-hfb-mobile-header-display":"","site-post-title":"disabled","ast-breadcrumbs-content":"","ast-featured-img":"disabled","footer-sml-layout":"","ast-disable-related-posts":"","theme-transparent-header-meta":"default","adv-header-id-meta":"","stick-header-meta":"","header-above-stick-meta":"","header-main-stick-meta":"","header-below-stick-meta":"","astra-migrate-meta-layouts":"set","ast-page-background-enabled":"default","ast-page-background-meta":{"desktop":{"background-color":"","background-image":"","background-repeat":"repeat","background-position":"center center","background-size":"auto","background-attachment":"scroll","background-type":"","background-media":"","overlay-type":"","overlay-color":"","overlay-opacity":"","overlay-gradient":""},"tablet":{"background-color":"","background-image":"","background-repeat":"repeat","background-position":"center center","background-size":"auto","background-attachment":"scroll","background-type":"","background-media":"","overlay-type":"","overlay-color":"","overlay-opacity":"","overlay-gradient":""},"mobile":{"background-color":"","background-image":"","background-repeat":"repeat","background-position":"center center","background-size":"auto","background-attachment":"scroll","background-type":"","background-media":"","overlay-type":"","overlay-color":"","overlay-opacity":"","overlay-gradient":""}},"ast-content-background-meta":{"desktop":{"background-color":"var(--ast-global-color-5)","background-image":"","background-repeat":"repeat","background-position":"center center","background-size":"auto","background-attachment":"scroll","background-type":"","background-media":"","overlay-type":"","overlay-color":"","overlay-opacity":"","overlay-gradient":""},"tablet":{"background-color":"var(--ast-global-color-5)","background-image":"","background-repeat":"repeat","background-position":"center center","background-size":"auto","background-attachment":"scroll","background-type":"","background-media":"","overlay-type":"","overlay-color":"","overlay-opacity":"","overlay-gradient":""},"mobile":{"background-color":"var(--ast-global-color-5)","background-image":"","background-repeat":"repeat","background-position":"center center","background-size":"auto","background-attachment":"scroll","background-type":"","background-media":"","overlay-type":"","overlay-color":"","overlay-opacity":"","overlay-gradient":""}},"footnotes":""},"class_list":["post-2581","page","type-page","status-publish","has-post-thumbnail","hentry"],"yoast_head":"<!-- This site is optimized with the Yoast SEO plugin v27.4 - https:\/\/yoast.com\/product\/yoast-seo-wordpress\/ -->\n<title>Aviation priv\u00e9e | Location h\u00e9licopt\u00e8re jet priv\u00e9<\/title>\n<meta name=\"description\" content=\"Driver All Seasons c&#039;est aussi l&#039;aviation priv\u00e9e avec la location de jet ou h\u00e9licopt\u00e8re disponible vers toutes destinations.\" \/>\n<meta name=\"robots\" content=\"index, follow, max-snippet:-1, max-image-preview:large, max-video-preview:-1\" \/>\n<link rel=\"canonical\" href=\"https:\/\/alps.driverallseasons.com\/en\/private-aircraft\/\" \/>\n<meta property=\"og:locale\" content=\"en_GB\" \/>\n<meta property=\"og:type\" content=\"article\" \/>\n<meta property=\"og:title\" content=\"Aviation priv\u00e9e | Location h\u00e9licopt\u00e8re jet priv\u00e9\" \/>\n<meta property=\"og:description\" content=\"Driver All Seasons c&#039;est aussi l&#039;aviation priv\u00e9e avec la location de jet ou h\u00e9licopt\u00e8re disponible vers toutes destinations.\" \/>\n<meta property=\"og:url\" content=\"https:\/\/alps.driverallseasons.com\/en\/private-aircraft\/\" \/>\n<meta property=\"og:site_name\" content=\"Driver All Seasons Courchevel\" \/>\n<meta property=\"article:modified_time\" content=\"2023-12-29T11:21:44+00:00\" \/>\n<meta property=\"og:image\" content=\"https:\/\/alps.driverallseasons.com\/wp-content\/uploads\/2023\/12\/aviation-privee.jpg\" \/>\n\t<meta property=\"og:image:width\" content=\"1200\" \/>\n\t<meta property=\"og:image:height\" content=\"800\" \/>\n\t<meta property=\"og:image:type\" content=\"image\/jpeg\" \/>\n<meta name=\"twitter:card\" content=\"summary_large_image\" \/>\n<meta name=\"twitter:title\" content=\"Agence de Chauffeurs priv\u00e9s et VTC \u00e0 Courchevel - Driver All Seasons\" \/>\n<meta name=\"twitter:description\" content=\"R\u00e9servez un transfert en ligne pour les principales destinations des Alpes : a\u00e9roport de Gen\u00e8ve, Courchevel, Val Thorens, Val d&#039;Is\u00e8re et bien d&#039;autre!\" \/>\n<meta name=\"twitter:image\" content=\"https:\/\/alps.driverallseasons.com\/wp-content\/uploads\/2021\/09\/FB_IMG_1495089126200.jpg\" \/>\n<meta name=\"twitter:label1\" content=\"Estimated reading time\" \/>\n\t<meta name=\"twitter:data1\" content=\"2 minutes\" \/>\n<script type=\"application\/ld+json\" class=\"yoast-schema-graph\">{\"@context\":\"https:\\\/\\\/schema.org\",\"@graph\":[{\"@type\":\"WebPage\",\"@id\":\"https:\\\/\\\/alps.driverallseasons.com\\\/aviation-privee\\\/\",\"url\":\"https:\\\/\\\/alps.driverallseasons.com\\\/aviation-privee\\\/\",\"name\":\"Aviation priv\u00e9e | Location h\u00e9licopt\u00e8re jet priv\u00e9\",\"isPartOf\":{\"@id\":\"https:\\\/\\\/alps.driverallseasons.com\\\/#website\"},\"primaryImageOfPage\":{\"@id\":\"https:\\\/\\\/alps.driverallseasons.com\\\/aviation-privee\\\/#primaryimage\"},\"image\":{\"@id\":\"https:\\\/\\\/alps.driverallseasons.com\\\/aviation-privee\\\/#primaryimage\"},\"thumbnailUrl\":\"https:\\\/\\\/alps.driverallseasons.com\\\/wp-content\\\/uploads\\\/2023\\\/12\\\/aviation-privee.jpg\",\"datePublished\":\"2023-12-28T09:40:21+00:00\",\"dateModified\":\"2023-12-29T11:21:44+00:00\",\"description\":\"Driver All Seasons c'est aussi l'aviation priv\u00e9e avec la location de jet ou h\u00e9licopt\u00e8re disponible vers toutes destinations.\",\"breadcrumb\":{\"@id\":\"https:\\\/\\\/alps.driverallseasons.com\\\/aviation-privee\\\/#breadcrumb\"},\"inLanguage\":\"en-GB\",\"potentialAction\":[{\"@type\":\"ReadAction\",\"target\":[\"https:\\\/\\\/alps.driverallseasons.com\\\/aviation-privee\\\/\"]}]},{\"@type\":\"ImageObject\",\"inLanguage\":\"en-GB\",\"@id\":\"https:\\\/\\\/alps.driverallseasons.com\\\/aviation-privee\\\/#primaryimage\",\"url\":\"https:\\\/\\\/alps.driverallseasons.com\\\/wp-content\\\/uploads\\\/2023\\\/12\\\/aviation-privee.jpg\",\"contentUrl\":\"https:\\\/\\\/alps.driverallseasons.com\\\/wp-content\\\/uploads\\\/2023\\\/12\\\/aviation-privee.jpg\",\"width\":1200,\"height\":800,\"caption\":\"Aviation priv\u00e9e\"},{\"@type\":\"BreadcrumbList\",\"@id\":\"https:\\\/\\\/alps.driverallseasons.com\\\/aviation-privee\\\/#breadcrumb\",\"itemListElement\":[{\"@type\":\"ListItem\",\"position\":1,\"name\":\"Accueil\",\"item\":\"https:\\\/\\\/alps.driverallseasons.com\\\/\"},{\"@type\":\"ListItem\",\"position\":2,\"name\":\"Aviation priv\u00e9e\"}]},{\"@type\":\"WebSite\",\"@id\":\"https:\\\/\\\/alps.driverallseasons.com\\\/#website\",\"url\":\"https:\\\/\\\/alps.driverallseasons.com\\\/\",\"name\":\"Driver All Seasons Courchevel\",\"description\":\"VTC Courchevel Transfert et rapatriement\",\"potentialAction\":[{\"@type\":\"SearchAction\",\"target\":{\"@type\":\"EntryPoint\",\"urlTemplate\":\"https:\\\/\\\/alps.driverallseasons.com\\\/?s={search_term_string}\"},\"query-input\":{\"@type\":\"PropertyValueSpecification\",\"valueRequired\":true,\"valueName\":\"search_term_string\"}}],\"inLanguage\":\"en-GB\"}]}<\/script>\n<!-- \/ Yoast SEO plugin. -->","yoast_head_json":{"title":"Aviation priv\u00e9e | Location h\u00e9licopt\u00e8re jet priv\u00e9","description":"Driver All Seasons c'est aussi l'aviation priv\u00e9e avec la location de jet ou h\u00e9licopt\u00e8re disponible vers toutes destinations.","robots":{"index":"index","follow":"follow","max-snippet":"max-snippet:-1","max-image-preview":"max-image-preview:large","max-video-preview":"max-video-preview:-1"},"canonical":"https:\/\/alps.driverallseasons.com\/en\/private-aircraft\/","og_locale":"en_GB","og_type":"article","og_title":"Aviation priv\u00e9e | Location h\u00e9licopt\u00e8re jet priv\u00e9","og_description":"Driver All Seasons c'est aussi l'aviation priv\u00e9e avec la location de jet ou h\u00e9licopt\u00e8re disponible vers toutes destinations.","og_url":"https:\/\/alps.driverallseasons.com\/en\/private-aircraft\/","og_site_name":"Driver All Seasons Courchevel","article_modified_time":"2023-12-29T11:21:44+00:00","og_image":[{"width":1200,"height":800,"url":"https:\/\/alps.driverallseasons.com\/wp-content\/uploads\/2023\/12\/aviation-privee.jpg","type":"image\/jpeg"}],"twitter_card":"summary_large_image","twitter_title":"Agence de Chauffeurs priv\u00e9s et VTC \u00e0 Courchevel - Driver All Seasons","twitter_description":"R\u00e9servez un transfert en ligne pour les principales destinations des Alpes : a\u00e9roport de Gen\u00e8ve, Courchevel, Val Thorens, Val d'Is\u00e8re et bien d'autre!","twitter_image":"https:\/\/alps.driverallseasons.com\/wp-content\/uploads\/2021\/09\/FB_IMG_1495089126200.jpg","twitter_misc":{"Estimated reading time":"2 minutes"},"schema":{"@context":"https:\/\/schema.org","@graph":[{"@type":"WebPage","@id":"https:\/\/alps.driverallseasons.com\/aviation-privee\/","url":"https:\/\/alps.driverallseasons.com\/aviation-privee\/","name":"Aviation priv\u00e9e | Location h\u00e9licopt\u00e8re jet priv\u00e9","isPartOf":{"@id":"https:\/\/alps.driverallseasons.com\/#website"},"primaryImageOfPage":{"@id":"https:\/\/alps.driverallseasons.com\/aviation-privee\/#primaryimage"},"image":{"@id":"https:\/\/alps.driverallseasons.com\/aviation-privee\/#primaryimage"},"thumbnailUrl":"https:\/\/alps.driverallseasons.com\/wp-content\/uploads\/2023\/12\/aviation-privee.jpg","datePublished":"2023-12-28T09:40:21+00:00","dateModified":"2023-12-29T11:21:44+00:00","description":"Driver All Seasons c'est aussi l'aviation priv\u00e9e avec la location de jet ou h\u00e9licopt\u00e8re disponible vers toutes destinations.","breadcrumb":{"@id":"https:\/\/alps.driverallseasons.com\/aviation-privee\/#breadcrumb"},"inLanguage":"en-GB","potentialAction":[{"@type":"ReadAction","target":["https:\/\/alps.driverallseasons.com\/aviation-privee\/"]}]},{"@type":"ImageObject","inLanguage":"en-GB","@id":"https:\/\/alps.driverallseasons.com\/aviation-privee\/#primaryimage","url":"https:\/\/alps.driverallseasons.com\/wp-content\/uploads\/2023\/12\/aviation-privee.jpg","contentUrl":"https:\/\/alps.driverallseasons.com\/wp-content\/uploads\/2023\/12\/aviation-privee.jpg","width":1200,"height":800,"caption":"Aviation priv\u00e9e"},{"@type":"BreadcrumbList","@id":"https:\/\/alps.driverallseasons.com\/aviation-privee\/#breadcrumb","itemListElement":[{"@type":"ListItem","position":1,"name":"Accueil","item":"https:\/\/alps.driverallseasons.com\/"},{"@type":"ListItem","position":2,"name":"Aviation priv\u00e9e"}]},{"@type":"WebSite","@id":"https:\/\/alps.driverallseasons.com\/#website","url":"https:\/\/alps.driverallseasons.com\/","name":"Driver All Seasons Courchevel","description":"VTC Courchevel Transfert et rapatriement","potentialAction":[{"@type":"SearchAction","target":{"@type":"EntryPoint","urlTemplate":"https:\/\/alps.driverallseasons.com\/?s={search_term_string}"},"query-input":{"@type":"PropertyValueSpecification","valueRequired":true,"valueName":"search_term_string"}}],"inLanguage":"en-GB"}]}},"_links":{"self":[{"href":"https:\/\/alps.driverallseasons.com\/en\/wp-json\/wp\/v2\/pages\/2581","targetHints":{"allow":["GET"]}}],"collection":[{"href":"https:\/\/alps.driverallseasons.com\/en\/wp-json\/wp\/v2\/pages"}],"about":[{"href":"https:\/\/alps.driverallseasons.com\/en\/wp-json\/wp\/v2\/types\/page"}],"author":[{"embeddable":true,"href":"https:\/\/alps.driverallseasons.com\/en\/wp-json\/wp\/v2\/users\/2"}],"replies":[{"embeddable":true,"href":"https:\/\/alps.driverallseasons.com\/en\/wp-json\/wp\/v2\/comments?post=2581"}],"version-history":[{"count":45,"href":"https:\/\/alps.driverallseasons.com\/en\/wp-json\/wp\/v2\/pages\/2581\/revisions"}],"predecessor-version":[{"id":2666,"href":"https:\/\/alps.driverallseasons.com\/en\/wp-json\/wp\/v2\/pages\/2581\/revisions\/2666"}],"wp:featuredmedia":[{"embeddable":true,"href":"https:\/\/alps.driverallseasons.com\/en\/wp-json\/wp\/v2\/media\/2584"}],"wp:attachment":[{"href":"https:\/\/alps.driverallseasons.com\/en\/wp-json\/wp\/v2\/media?parent=2581"}],"curies":[{"name":"wp","href":"https:\/\/api.w.org\/{rel}","templated":true}]}}